{"id":31,"date":"2016-07-12T18:00:29","date_gmt":"2016-07-12T16:00:29","guid":{"rendered":"http:\/\/www.luckyhill.ca\/art_canin\/?page_id=31"},"modified":"2016-08-16T19:32:33","modified_gmt":"2016-08-16T23:32:33","slug":"nous-joindre","status":"publish","type":"page","link":"http:\/\/www.luckyhill.ca\/art_canin\/nous-joindre\/","title":{"rendered":"Nous joindre"},"content":{"rendered":"<p>&nbsp;<\/p>\n<h1 style=\"text-align: center;\"><strong>Venez nous rencontrer !<\/strong><\/h1>\n<dl data-ng-if=\"address\">\n<dd data-ng-bind-html=\"address\">\n<h3 style=\"text-align: center;\">971 Jacques-B\u00e9dard,<\/h3>\n<h3 style=\"text-align: center;\">Qu\u00e9bec, QC Canada G2N 1E3<\/h3>\n<\/dd>\n<\/dl>\n<dl data-ng-if=\"contacts.phone.length\">\n<dt>\n<h3 style=\"text-align: center;\">T\u00e9l\u00e9phone<\/h3>\n<\/dt>\n<dd data-ng-repeat=\"phone in contacts.phone\">\n<h3 style=\"text-align: center;\">(418) 849-6298<\/h3>\n<\/dd>\n<\/dl>\n<dl data-ng-if=\"facebookPdc &amp;&amp; description\">\n<dt>\n<h2 style=\"text-align: center;\"><strong>D\u00e9tails<\/strong><\/h2>\n<\/blockquote>\n<\/dt>\n<dd>\n<h3>Tonte et toilettage. Canin f\u00e9lin. Coupe stylis\u00e9. produits bio. Respect et amour des animaux. Travail professionnelle. Formation groupe et priv\u00e9.<\/h3>\n<\/dd>\n<\/dl>\n<h1 style=\"text-align: center;\">Directions<\/h1>\n<p><iframe loading=\"lazy\" style=\"border: 0;\" src=\"https:\/\/www.google.com\/maps\/embed?pb=!1m14!1m8!1m3!1d10902.751019994546!2d-71.3505331!3d46.9088589!3m2!1i1024!2i768!4f13.1!3m3!1m2!1s0x0%3A0x4ee1d7ab6be74593!2sStudio+L'art+Canin+Toilettage+%26+SPA!5e0!3m2!1sfr!2sca!4v1468857655697\" width=\"900\" height=\"450\" frameborder=\"0\" allowfullscreen=\"allowfullscreen\"><\/iframe><\/p>\n<blockquote>\n<p style=\"text-align: left;\">Heures d&rsquo;ouverture:<\/p>\n<p><strong>Lun &#8211; Jeu: 09:00 &#8211; 17:00<\/strong><br \/>\n<strong>Ven: 09:00 &#8211; 12:00<\/strong><br \/>\n<em><\/p>\n<h3><strong>*** \u00a0Notez bien: \u00a0Tous nos services sont sur rendez-vous seulement<\/strong><\/em><\/p>\n<h3>\n<h3><em><strong>Notre horaire peut vari\u00e9<\/strong><\/em><\/p>\n<h3>\n","protected":false},"excerpt":{"rendered":"<p>&nbsp; Venez nous rencontrer ! 971 Jacques-B\u00e9dard, Qu\u00e9bec, QC Canada G2N 1E3 T\u00e9l\u00e9phone (418) 849-6298 D\u00e9tails Tonte et toilettage. Canin f\u00e9lin. Coupe stylis\u00e9. produits bio. Respect et amour des animaux. Travail professionnelle. Formation groupe et priv\u00e9. Directions Heures d&rsquo;ouverture: Lun &#8211; Jeu: 09:00 &#8211; 17:00 Ven: 09:00 &#8211; 12:00 *** \u00a0Notez bien: \u00a0Tous nos services <a class=\"moretag\" href=\"http:\/\/www.luckyhill.ca\/art_canin\/nous-joindre\/\">Read More &#8230;<\/a><\/p>\n","protected":false},"author":1,"featured_media":0,"parent":0,"menu_order":0,"comment_status":"closed","ping_status":"closed","template":"","meta":{"footnotes":""},"_links":{"self":[{"href":"http:\/\/www.luckyhill.ca\/art_canin\/wp-json\/wp\/v2\/pages\/31"}],"collection":[{"href":"http:\/\/www.luckyhill.ca\/art_canin\/wp-json\/wp\/v2\/pages"}],"about":[{"href":"http:\/\/www.luckyhill.ca\/art_canin\/wp-json\/wp\/v2\/types\/page"}],"author":[{"embeddable":true,"href":"http:\/\/www.luckyhill.ca\/art_canin\/wp-json\/wp\/v2\/users\/1"}],"replies":[{"embeddable":true,"href":"http:\/\/www.luckyhill.ca\/art_canin\/wp-json\/wp\/v2\/comments?post=31"}],"version-history":[{"count":16,"href":"http:\/\/www.luckyhill.ca\/art_canin\/wp-json\/wp\/v2\/pages\/31\/revisions"}],"predecessor-version":[{"id":82,"href":"http:\/\/www.luckyhill.ca\/art_canin\/wp-json\/wp\/v2\/pages\/31\/revisions\/82"}],"wp:attachment":[{"href":"http:\/\/www.luckyhill.ca\/art_canin\/wp-json\/wp\/v2\/media?parent=31"}],"curies":[{"name":"wp","href":"https:\/\/api.w.org\/{rel}","templated":true}]}}