{"id":85,"date":"2016-08-16T19:41:05","date_gmt":"2016-08-16T23:41:05","guid":{"rendered":"http:\/\/www.luckyhill.ca\/art_canin\/?page_id=85"},"modified":"2016-08-17T07:01:36","modified_gmt":"2016-08-17T11:01:36","slug":"formation-professionnelle","status":"publish","type":"page","link":"http:\/\/www.luckyhill.ca\/art_canin\/formation-professionnelle\/","title":{"rendered":"Formation professionnelle"},"content":{"rendered":"<p>\t\t\t\t<img decoding=\"async\" src=\"http:\/\/www.luckyhill.ca\/art_canin\/wp-content\/uploads\/2016\/08\/professionnelle.png\" alt=\"professionnelle\" itemprop=\"image\"  \/><\/p>\n<h2 style=\"text-align: center;\">Formation professionnelle<\/h2>\n<ul>\n<li style=\"text-align: center;\">\u25baDur\u00e9e 8 semaines<br \/>\n \u25baLundi au jeudi 9h00 \u00e0 17h00<\/li>\n<li style=\"text-align: center;\">\u25baVolets pratique et th\u00e9orique<\/li>\n<li style=\"text-align: center;\">\u25baTrousse professionnelle de 1000$ incluse<\/li>\n<li style=\"text-align: center;\"><strong>***<\/strong> \u00a0Certification<\/li>\n<li style=\"text-align: center;\"><\/li>\n<li style=\"text-align: right;\"><strong>Pr\u00e9-requis: 18 ans et plus, t\u00e9tanos \u00e0 jour<\/strong><\/li>\n<li style=\"text-align: right;\"><strong>Journ\u00e9e d&rsquo;entrevue formative<\/strong><\/li>\n<li style=\"text-align: right;\"><strong>Respect et amour des animaux.<\/strong><\/li>\n<\/ul>\n","protected":false},"excerpt":{"rendered":"<p>Formation professionnelle \u25baDur\u00e9e 8 semaines \u25baLundi au jeudi 9h00 \u00e0 17h00 \u25baVolets pratique et th\u00e9orique \u25baTrousse professionnelle de 1000$ incluse *** \u00a0Certification Pr\u00e9-requis: 18 ans et plus, t\u00e9tanos \u00e0 jour Journ\u00e9e d&rsquo;entrevue formative Respect et amour des animaux.<\/p>\n","protected":false},"author":1,"featured_media":0,"parent":0,"menu_order":0,"comment_status":"closed","ping_status":"closed","template":"","meta":{"footnotes":""},"_links":{"self":[{"href":"http:\/\/www.luckyhill.ca\/art_canin\/wp-json\/wp\/v2\/pages\/85"}],"collection":[{"href":"http:\/\/www.luckyhill.ca\/art_canin\/wp-json\/wp\/v2\/pages"}],"about":[{"href":"http:\/\/www.luckyhill.ca\/art_canin\/wp-json\/wp\/v2\/types\/page"}],"author":[{"embeddable":true,"href":"http:\/\/www.luckyhill.ca\/art_canin\/wp-json\/wp\/v2\/users\/1"}],"replies":[{"embeddable":true,"href":"http:\/\/www.luckyhill.ca\/art_canin\/wp-json\/wp\/v2\/comments?post=85"}],"version-history":[{"count":5,"href":"http:\/\/www.luckyhill.ca\/art_canin\/wp-json\/wp\/v2\/pages\/85\/revisions"}],"predecessor-version":[{"id":106,"href":"http:\/\/www.luckyhill.ca\/art_canin\/wp-json\/wp\/v2\/pages\/85\/revisions\/106"}],"wp:attachment":[{"href":"http:\/\/www.luckyhill.ca\/art_canin\/wp-json\/wp\/v2\/media?parent=85"}],"curies":[{"name":"wp","href":"https:\/\/api.w.org\/{rel}","templated":true}]}}